{"id":7,"date":"2020-12-10T15:23:54","date_gmt":"2020-12-10T14:23:54","guid":{"rendered":"http:\/\/mhxsncp.cluster030.hosting.ovh.net\/?page_id=7"},"modified":"2023-04-13T16:10:22","modified_gmt":"2023-04-13T14:10:22","slug":"a-propos-de","status":"publish","type":"page","link":"https:\/\/chambouletous.com\/index.php\/a-propos-de\/","title":{"rendered":"Le projet"},"content":{"rendered":"\n<p>Le \u00ab\u00a0Chambouletous\u00a0\u00bb est n\u00e9 de l&rsquo;envie de permettre \u00e0 des adultes porteurs de la trisomie 21 ou d\u2019une d\u00e9ficience intellectuelle d\u2019acc\u00e9der \u00e0 un emploi int\u00e9ressant, stable, d\u00fbment r\u00e9mun\u00e9r\u00e9 qui leur permettra de s\u2019\u00e9panouir pleinement et de d\u00e9velopper toutes leurs capacit\u00e9s qui sont nombreuses!<br><\/p>\n\n\n\n<p>Virginie et Christophe, se sont lanc\u00e9s dans le projet de cr\u00e9er un restaurant fabuleux! Leur fils Louis aime cuisiner et apr\u00e8s quelques ann\u00e9es dans le monde de l&rsquo;informatique, Christophe se voyait bien revenir \u00e0 ses premi\u00e8res amours et partager cette aventure avec Louis.<\/p>\n\n\n\n<p>Avec l&rsquo;appui de leurs amis, de pr\u00e9cieux partenaires mais surtout de beaucoup d&rsquo;\u00e9nergie, le restaurant accueille ces premiers clients fabuleux le mardi 17 mai 2022.<\/p>\n\n\n\n<p>Ce premier service sera assur\u00e9 par les fabuleux stagiaires <strong>Rose, Louis, Adrien,  <\/strong>encadr\u00e9s par les fabuleux <strong>No\u00e9mie,  Nicolas et Christophe.<\/strong><\/p>\n\n\n\n<figure class=\"wp-block-gallery has-nested-images columns-default is-cropped wp-block-gallery-1 is-layout-flex\">\n<figure class=\"wp-block-image size-large\"><img decoding=\"async\" loading=\"lazy\" width=\"1920\" height=\"2560\" data-id=\"248\"  src=\"http:\/\/mhxsncp.cluster030.hosting.ovh.net\/wp-content\/uploads\/2022\/05\/20220513_091022-scaled.jpg\" alt=\"\" class=\"wp-image-248\" srcset=\"https:\/\/chambouletous.com\/wp-content\/uploads\/2022\/05\/20220513_091022-scaled.jpg 1920w, https:\/\/chambouletous.com\/wp-content\/uploads\/2022\/05\/20220513_091022-225x300.jpg 225w, https:\/\/chambouletous.com\/wp-content\/uploads\/2022\/05\/20220513_091022-768x1024.jpg 768w, https:\/\/chambouletous.com\/wp-content\/uploads\/2022\/05\/20220513_091022-1152x1536.jpg 1152w, https:\/\/chambouletous.com\/wp-content\/uploads\/2022\/05\/20220513_091022-1536x2048.jpg 1536w, https:\/\/chambouletous.com\/wp-content\/uploads\/2022\/05\/20220513_091022-1568x2091.jpg 1568w, https:\/\/chambouletous.com\/wp-content\/uploads\/2022\/05\/20220513_091022-600x800.jpg 600w, https:\/\/chambouletous.com\/wp-content\/uploads\/2022\/05\/20220513_091022-300x400.jpg 300w\" sizes=\"(max-width: 1920px) 100vw, 1920px\" \/><\/figure>\n<\/figure>\n\n\n\n<figure class=\"wp-block-image size-large\"><img decoding=\"async\" loading=\"lazy\" width=\"1024\" height=\"771\" src=\"http:\/\/chambouletous.com\/wp-content\/uploads\/2022\/05\/equipe_chambouletous-1024x771.jpg\" alt=\"\" class=\"wp-image-334\" srcset=\"https:\/\/chambouletous.com\/wp-content\/uploads\/2022\/05\/equipe_chambouletous-1024x771.jpg 1024w, https:\/\/chambouletous.com\/wp-content\/uploads\/2022\/05\/equipe_chambouletous-300x226.jpg 300w, https:\/\/chambouletous.com\/wp-content\/uploads\/2022\/05\/equipe_chambouletous-768x578.jpg 768w, https:\/\/chambouletous.com\/wp-content\/uploads\/2022\/05\/equipe_chambouletous-600x452.jpg 600w, https:\/\/chambouletous.com\/wp-content\/uploads\/2022\/05\/equipe_chambouletous.jpg 1440w\" sizes=\"(max-width: 1024px) 100vw, 1024px\" \/><\/figure>\n","protected":false},"excerpt":{"rendered":"<p>Le \u00ab\u00a0Chambouletous\u00a0\u00bb est n\u00e9 de l&rsquo;envie de permettre \u00e0 des adultes porteurs de la trisomie 21 ou d\u2019une d\u00e9ficience intellectuelle d\u2019acc\u00e9der \u00e0 un emploi int\u00e9ressant, stable, d\u00fbment r\u00e9mun\u00e9r\u00e9 qui leur permettra de s\u2019\u00e9panouir pleinement et de d\u00e9velopper toutes leurs capacit\u00e9s qui sont nombreuses! Virginie et Christophe, se sont lanc\u00e9s dans le projet de cr\u00e9er un [&hellip;]<\/p>\n","protected":false},"author":1,"featured_media":0,"parent":0,"menu_order":0,"comment_status":"closed","ping_status":"closed","template":"","meta":[],"_links":{"self":[{"href":"https:\/\/chambouletous.com\/index.php\/wp-json\/wp\/v2\/pages\/7"}],"collection":[{"href":"https:\/\/chambouletous.com\/index.php\/wp-json\/wp\/v2\/pages"}],"about":[{"href":"https:\/\/chambouletous.com\/index.php\/wp-json\/wp\/v2\/types\/page"}],"author":[{"embeddable":true,"href":"https:\/\/chambouletous.com\/index.php\/wp-json\/wp\/v2\/users\/1"}],"replies":[{"embeddable":true,"href":"https:\/\/chambouletous.com\/index.php\/wp-json\/wp\/v2\/comments?post=7"}],"version-history":[{"count":8,"href":"https:\/\/chambouletous.com\/index.php\/wp-json\/wp\/v2\/pages\/7\/revisions"}],"predecessor-version":[{"id":367,"href":"https:\/\/chambouletous.com\/index.php\/wp-json\/wp\/v2\/pages\/7\/revisions\/367"}],"wp:attachment":[{"href":"https:\/\/chambouletous.com\/index.php\/wp-json\/wp\/v2\/media?parent=7"}],"curies":[{"name":"wp","href":"https:\/\/api.w.org\/{rel}","templated":true}]}}