{"id":291,"date":"2022-05-14T19:31:08","date_gmt":"2022-05-14T17:31:08","guid":{"rendered":"http:\/\/mhxsncp.cluster030.hosting.ovh.net\/?page_id=291"},"modified":"2022-06-08T18:20:55","modified_gmt":"2022-06-08T16:20:55","slug":"menu","status":"publish","type":"page","link":"https:\/\/chambouletous.com\/index.php\/menu\/","title":{"rendered":"Menu"},"content":{"rendered":"\n<div class=\"wp-block-columns is-layout-flex wp-container-3\">\n<div class=\"wp-block-column is-layout-flow\" style=\"flex-basis:33.33%\">\n<figure class=\"wp-block-image\"><img alt=\"\"\/><\/figure>\n<\/div>\n\n\n\n<div class=\"wp-block-column is-layout-flow\" style=\"flex-basis:66.66%\"><div class=\"glf-mor-restaurant-menu-wrapper\"><div class=\"glf-mor-restaurant-menu-category\"><h3>Menu du jour<\/h3><hr>\n\n                            <div class=\"glf-mor-restaurant-menu-item\"><div class=\"glf-mor-restaurant-menu-item-inner\">\n                            <div style=\"width: 100%\">\n                                <div class=\"glf-mor-restaurant-menu-item-header\"><h5 class=\"glf-mor-restaurant-menu-item-name\">Entr\u00e9e - Plat<\/h5><div class=\"glf-mor-restaurant-menu-item-price\" data-price=\"19\" data-currency=\"EUR\" data-decimals=\"2\"><span class=\"price\">19 EUR<\/span><\/div>\n                                <\/div>\n                                \n                            <\/div>\n                        <\/div><\/div><hr>\n\n                            <div class=\"glf-mor-restaurant-menu-item\"><div class=\"glf-mor-restaurant-menu-item-inner\">\n                            <div style=\"width: 100%\">\n                                <div class=\"glf-mor-restaurant-menu-item-header\"><h5 class=\"glf-mor-restaurant-menu-item-name\">Plat - Dessert<\/h5><div class=\"glf-mor-restaurant-menu-item-price\" data-price=\"19\" data-currency=\"EUR\" data-decimals=\"2\"><span class=\"price\">19 EUR<\/span><\/div>\n                                <\/div>\n                                \n                            <\/div>\n                        <\/div><\/div><hr>\n\n                            <div class=\"glf-mor-restaurant-menu-item\"><div class=\"glf-mor-restaurant-menu-item-inner\">\n                            <div style=\"width: 100%\">\n                                <div class=\"glf-mor-restaurant-menu-item-header\"><h5 class=\"glf-mor-restaurant-menu-item-name\">Entr\u00e9e - Plat - Dessert<\/h5><div class=\"glf-mor-restaurant-menu-item-price\" data-price=\"23\" data-currency=\"EUR\" data-decimals=\"2\"><span class=\"price\">23 EUR<\/span><\/div>\n                                <\/div>\n                                \n                            <\/div>\n                        <\/div><\/div><hr>\n\n                            <div class=\"glf-mor-restaurant-menu-item\"><div class=\"glf-mor-restaurant-menu-item-inner\">\n                            <div style=\"width: 100%\">\n                                <div class=\"glf-mor-restaurant-menu-item-header\"><h5 class=\"glf-mor-restaurant-menu-item-name\">Plat seul<\/h5><div class=\"glf-mor-restaurant-menu-item-price\" data-price=\"15\" data-currency=\"EUR\" data-decimals=\"2\"><span class=\"price\">15 EUR<\/span><\/div>\n                                <\/div>\n                                \n                            <\/div>\n                        <\/div><\/div><hr>\n\n                            <div class=\"glf-mor-restaurant-menu-item\"><div class=\"glf-mor-restaurant-menu-item-inner\">\n                            <div style=\"width: 100%\">\n                                <div class=\"glf-mor-restaurant-menu-item-header\"><h5 class=\"glf-mor-restaurant-menu-item-name\">Notre cuisine est maison<\/h5><div class=\"glf-mor-restaurant-menu-item-price\" data-price=\"0\" data-currency=\"EUR\" data-decimals=\"2\"><span class=\"price\">0 EUR<\/span><\/div>\n                                <\/div>\n                                <div class=\"glf-mor-restaurant-menu-item-description\">Nos plats \u00e0 la carte sont \u00e0 titre indicatif et peuvent \u00eatre chang\u00e9s en fonction des saisons et de nos fournisseurs.<\/div>\n                            <\/div>\n                        <\/div><\/div><hr><\/div><div class=\"glf-mor-restaurant-menu-category\"><h3>Entr\u00e9es \u00e0 la carte<\/h3><hr>\n\n                            <div class=\"glf-mor-restaurant-menu-item\"><div class=\"glf-mor-restaurant-menu-item-inner\">\n                            <div style=\"width: 100%\">\n                                <div class=\"glf-mor-restaurant-menu-item-header\"><h5 class=\"glf-mor-restaurant-menu-item-name\">Entr\u00e9e du moment (selon saison)<\/h5><div class=\"glf-mor-restaurant-menu-item-price\" data-price=\"8\" data-currency=\"EUR\" data-decimals=\"2\"><span class=\"price\">8 EUR<\/span><\/div>\n                                <\/div>\n                                \n                            <\/div>\n                        <\/div><\/div><hr>\n\n                            <div class=\"glf-mor-restaurant-menu-item\"><div class=\"glf-mor-restaurant-menu-item-inner\">\n                            <div style=\"width: 100%\">\n                                <div class=\"glf-mor-restaurant-menu-item-header\"><h5 class=\"glf-mor-restaurant-menu-item-name\">Terrine maison ou jambon persill\u00e9<\/h5><div class=\"glf-mor-restaurant-menu-item-price\" data-price=\"8\" data-currency=\"EUR\" data-decimals=\"2\"><span class=\"price\">8 EUR<\/span><\/div>\n                                <\/div>\n                                \n                            <\/div>\n                        <\/div><\/div><hr>\n\n                            <div class=\"glf-mor-restaurant-menu-item\"><div class=\"glf-mor-restaurant-menu-item-inner\">\n                            <div style=\"width: 100%\">\n                                <div class=\"glf-mor-restaurant-menu-item-header\"><h5 class=\"glf-mor-restaurant-menu-item-name\">Rillettes ou terrine de poisson<\/h5><div class=\"glf-mor-restaurant-menu-item-price\" data-price=\"9\" data-currency=\"EUR\" data-decimals=\"2\"><span class=\"price\">9 EUR<\/span><\/div>\n                                <\/div>\n                                \n                            <\/div>\n                        <\/div><\/div><hr><\/div><div class=\"glf-mor-restaurant-menu-category\"><h3>Plats \u00e0 la carte<\/h3><hr>\n\n                            <div class=\"glf-mor-restaurant-menu-item\"><div class=\"glf-mor-restaurant-menu-item-inner\">\n                            <div style=\"width: 100%\">\n                                <div class=\"glf-mor-restaurant-menu-item-header\"><h5 class=\"glf-mor-restaurant-menu-item-name\">Poisson du jour<\/h5><div class=\"glf-mor-restaurant-menu-item-price\" data-price=\"18\" data-currency=\"EUR\" data-decimals=\"2\"><span class=\"price\">18 EUR<\/span><\/div>\n                                <\/div>\n                                \n                            <\/div>\n                        <\/div><\/div><hr>\n\n                            <div class=\"glf-mor-restaurant-menu-item\"><div class=\"glf-mor-restaurant-menu-item-inner\">\n                            <div style=\"width: 100%\">\n                                <div class=\"glf-mor-restaurant-menu-item-header\"><h5 class=\"glf-mor-restaurant-menu-item-name\">Saut\u00e9 de b\u0153uf bourguignon<\/h5><div class=\"glf-mor-restaurant-menu-item-price\" data-price=\"17\" data-currency=\"EUR\" data-decimals=\"2\"><span class=\"price\">17 EUR<\/span><\/div>\n                                <\/div>\n                                \n                            <\/div>\n                        <\/div><\/div><hr>\n\n                            <div class=\"glf-mor-restaurant-menu-item\"><div class=\"glf-mor-restaurant-menu-item-inner\">\n                            <div style=\"width: 100%\">\n                                <div class=\"glf-mor-restaurant-menu-item-header\"><h5 class=\"glf-mor-restaurant-menu-item-name\">Tagliatelles pesto et petits l\u00e9gumes (V\u00e9g\u00e9)<\/h5><div class=\"glf-mor-restaurant-menu-item-price\" data-price=\"15\" data-currency=\"EUR\" data-decimals=\"2\"><span class=\"price\">15 EUR<\/span><\/div>\n                                <\/div>\n                                \n                            <\/div>\n                        <\/div><\/div><hr>\n\n                            <div class=\"glf-mor-restaurant-menu-item\"><div class=\"glf-mor-restaurant-menu-item-inner\">\n                            <div style=\"width: 100%\">\n                                <div class=\"glf-mor-restaurant-menu-item-header\"><h5 class=\"glf-mor-restaurant-menu-item-name\">Oeufs en meurette ou \u00e9poisses ou cocotte et frites fra\u00eeches maison<\/h5><div class=\"glf-mor-restaurant-menu-item-price\" data-price=\"17\" data-currency=\"EUR\" data-decimals=\"2\"><span class=\"price\">17 EUR<\/span><\/div>\n                                <\/div>\n                                \n                            <\/div>\n                        <\/div><\/div><hr>\n\n                            <div class=\"glf-mor-restaurant-menu-item\"><div class=\"glf-mor-restaurant-menu-item-inner\">\n                            <div style=\"width: 100%\">\n                                <div class=\"glf-mor-restaurant-menu-item-header\"><h5 class=\"glf-mor-restaurant-menu-item-name\">Plat du moment selon saison<\/h5><div class=\"glf-mor-restaurant-menu-item-price\" data-price=\"17\" data-currency=\"EUR\" data-decimals=\"2\"><span class=\"price\">17 EUR<\/span><\/div>\n                                <\/div>\n                                \n                            <\/div>\n                        <\/div><\/div><hr>\n\n                            <div class=\"glf-mor-restaurant-menu-item\"><div class=\"glf-mor-restaurant-menu-item-inner\">\n                            <div style=\"width: 100%\">\n                                <div class=\"glf-mor-restaurant-menu-item-header\"><h5 class=\"glf-mor-restaurant-menu-item-name\">M\u00e9daillons de volaille \"Gaston G\u00e9rard\" ou sauce forestiere au vin jaune, frites fra\u00eeches maison<\/h5><div class=\"glf-mor-restaurant-menu-item-price\" data-price=\"17\" data-currency=\"EUR\" data-decimals=\"2\"><span class=\"price\">17 EUR<\/span><\/div>\n                                <\/div>\n                                \n                            <\/div>\n                        <\/div><\/div><hr><\/div><div class=\"glf-mor-restaurant-menu-category\"><h3>Desserts \u00e0 la carte<\/h3><hr>\n\n                            <div class=\"glf-mor-restaurant-menu-item\"><div class=\"glf-mor-restaurant-menu-item-inner\">\n                            <div style=\"width: 100%\">\n                                <div class=\"glf-mor-restaurant-menu-item-header\"><h5 class=\"glf-mor-restaurant-menu-item-name\">Caf\u00e9 gourmand<\/h5><div class=\"glf-mor-restaurant-menu-item-price\" data-price=\"7.5\" data-currency=\"EUR\" data-decimals=\"2\"><span class=\"price\">7.5 EUR<\/span><\/div>\n                                <\/div>\n                                \n                            <\/div>\n                        <\/div><\/div><hr>\n\n                            <div class=\"glf-mor-restaurant-menu-item\"><div class=\"glf-mor-restaurant-menu-item-inner\">\n                            <div style=\"width: 100%\">\n                                <div class=\"glf-mor-restaurant-menu-item-header\"><h5 class=\"glf-mor-restaurant-menu-item-name\">Assiette de fromages<\/h5><div class=\"glf-mor-restaurant-menu-item-price\" data-price=\"8\" data-currency=\"EUR\" data-decimals=\"2\"><span class=\"price\">8 EUR<\/span><\/div>\n                                <\/div>\n                                \n                            <\/div>\n                        <\/div><\/div><hr>\n\n                            <div class=\"glf-mor-restaurant-menu-item\"><div class=\"glf-mor-restaurant-menu-item-inner\">\n                            <div style=\"width: 100%\">\n                                <div class=\"glf-mor-restaurant-menu-item-header\"><h5 class=\"glf-mor-restaurant-menu-item-name\">Gateau perdu, coulis et boule de glace<\/h5><div class=\"glf-mor-restaurant-menu-item-price\" data-price=\"8\" data-currency=\"EUR\" data-decimals=\"2\"><span class=\"price\">8 EUR<\/span><\/div>\n                                <\/div>\n                                \n                            <\/div>\n                        <\/div><\/div><hr>\n\n                            <div class=\"glf-mor-restaurant-menu-item\"><div class=\"glf-mor-restaurant-menu-item-inner\">\n                            <div style=\"width: 100%\">\n                                <div class=\"glf-mor-restaurant-menu-item-header\"><h5 class=\"glf-mor-restaurant-menu-item-name\">Clafoutis fruits de saison<\/h5><div class=\"glf-mor-restaurant-menu-item-price\" data-price=\"8\" data-currency=\"EUR\" data-decimals=\"2\"><span class=\"price\">8 EUR<\/span><\/div>\n                                <\/div>\n                                \n                            <\/div>\n                        <\/div><\/div><hr><\/div><\/div>\n            <script type=\"text\/javascript\">\n                document.addEventListener( \"DOMContentLoaded\", function ( event ) {\n                if (typeof jQuery != \"undefined\") {\n                    jQuery(document).ready(function() {\n                           jQuery(\".glf-mor-restaurant-menu-item-price\").each(function() {\n                                const el=jQuery(this);\n                                const el_Price=jQuery(this).find(\"> span.price\");\n                                const price=parseFloat(el.data(\"price\"));\n                                const currency= el.data(\"currency\")\n                                const numberOfDigits = parseInt( el.data(\"decimals\") );\n                                const localeStringOptions = {\n                                    style:\"currency\",\n                                    currency: currency,\n                                    minimumFractionDigits: numberOfDigits,\n                                    maximumFractionDigits: numberOfDigits                                    \n                                }; \n                                el_Price.html(price.toLocaleString('fr-FR', localeStringOptions))\n                            });\n                       });\n                    }\n                });\n            <\/script>\n<\/div>\n<\/div>\n\n\n\n<p><\/p>\n","protected":false},"excerpt":{"rendered":"","protected":false},"author":2,"featured_media":0,"parent":0,"menu_order":0,"comment_status":"closed","ping_status":"closed","template":"","meta":[],"_links":{"self":[{"href":"https:\/\/chambouletous.com\/index.php\/wp-json\/wp\/v2\/pages\/291"}],"collection":[{"href":"https:\/\/chambouletous.com\/index.php\/wp-json\/wp\/v2\/pages"}],"about":[{"href":"https:\/\/chambouletous.com\/index.php\/wp-json\/wp\/v2\/types\/page"}],"author":[{"embeddable":true,"href":"https:\/\/chambouletous.com\/index.php\/wp-json\/wp\/v2\/users\/2"}],"replies":[{"embeddable":true,"href":"https:\/\/chambouletous.com\/index.php\/wp-json\/wp\/v2\/comments?post=291"}],"version-history":[{"count":2,"href":"https:\/\/chambouletous.com\/index.php\/wp-json\/wp\/v2\/pages\/291\/revisions"}],"predecessor-version":[{"id":338,"href":"https:\/\/chambouletous.com\/index.php\/wp-json\/wp\/v2\/pages\/291\/revisions\/338"}],"wp:attachment":[{"href":"https:\/\/chambouletous.com\/index.php\/wp-json\/wp\/v2\/media?parent=291"}],"curies":[{"name":"wp","href":"https:\/\/api.w.org\/{rel}","templated":true}]}}